{"id":406,"date":"2025-07-30T18:43:31","date_gmt":"2025-07-30T16:43:31","guid":{"rendered":"https:\/\/www.kineaywaille.be\/?page_id=406"},"modified":"2025-07-30T18:43:34","modified_gmt":"2025-07-30T16:43:34","slug":"adeline-vandendyck","status":"publish","type":"page","link":"https:\/\/www.kineaywaille.be\/index.php\/adeline-vandendyck\/","title":{"rendered":"Adeline VANDENDYCK"},"content":{"rendered":"\n<p><strong>SPECIALISATIONS EN KINESITHERAPIE:<\/strong>&nbsp;<\/p>\n\n\n\n<ul class=\"wp-block-list\">\n<li>Kin\u00e9sith\u00e9rapie g\u00e9n\u00e9rale.<\/li>\n<\/ul>\n\n\n\n<p><strong>PRISE EN CHARGE<\/strong>: \u00a0Au\u00a0Cabinet\u00a0et \u00e0 Domicile<\/p>\n\n\n\n<p><strong>CONTACT<\/strong>:<\/p>\n\n\n\n<ul class=\"wp-block-list\">\n<li>GSM: +32(0)470\/71.26.02<\/li>\n\n\n\n<li>Email: <a href=\"mailto:adelinevdd1997@gmail.com\">adelinevdd1997@gmail.com<\/a><\/li>\n<\/ul>\n\n\n\n<p><strong>HORAIRES<\/strong>: &nbsp;Sur rendez-vous.<\/p>\n\n\n\n<p>Adresse du cabinet: &nbsp;<strong>Avenu<\/strong><strong>e Louis Libert, 26 &#8211; 4920 Aywaille<\/strong><\/p>\n\n\n\r\n<div class=\"huge_it_google_map_container\">\r\n    <div id=\"huge_it_google_map_630\" data-map_id=\"27\"\r\n         class=\"huge_it_google_map\" style=\"\r\n    position:relative !important;\r\n    height:500px;\r\n    width:100%;\r\n    border-radius:30px;\r\n    margin:0px auto;\"\r\n         data-name=\"Adeline Vandendyck\"\r\n         data-type=\"ROADMAP\"\r\n         data-zoom=\"15\"\r\n         data-min-zoom=\"0\"\r\n         data-max-zoom=\"22\"\r\n         data-border-radius=\"30\"\r\n         data-center-lat=\"50.4738581\"\r\n         data-center-lng=\"5.6788593\"\r\n         data-pan-controller=\"1\"\r\n         data-zoom-controller=\"1\"\r\n         data-type-controller=\"1\"\r\n         data-scale-controller=\"1\"\r\n         data-street-view-controller=\"1\"\r\n         data-overview-map-controller=\"1\"\r\n         data-width=\"100\"\r\n         data-height=\"500\"\r\n         data-align=\"center\"\r\n         data-info-type=\"click\"\r\n         data-open-infowindows-onload=\"0\"\r\n         data-animation=\"none\"\r\n         data-language=\"location based\"\r\n         data-draggable=\"1\"\r\n         data-wheel-scroll=\"1\"\r\n         data-traffic-layer=\"0\"\r\n         data-bike-layer=\"0\"\r\n         data-transit-layer=\"0\"\r\n         data-styling-hue=\"\"\r\n         data-styling-lightness=\"0\"\r\n         data-styling-gamma=\"1\"\r\n         data-styling-saturation=\"0\"><\/div>\r\n<\/div>\r\n\n","protected":false},"excerpt":{"rendered":"<p>SPECIALISATIONS EN KINESITHERAPIE:&nbsp; PRISE EN CHARGE: \u00a0Au\u00a0Cabinet\u00a0et \u00e0 Domicile CONTACT: HORAIRES: &nbsp;Sur rendez-vous. Adresse du cabinet: &nbsp;Avenue Louis Libert, 26 &#8211; 4920 Aywaille<\/p>\n","protected":false},"author":3,"featured_media":0,"parent":0,"menu_order":0,"comment_status":"closed","ping_status":"closed","template":"","meta":{"jetpack_post_was_ever_published":false,"footnotes":""},"class_list":["post-406","page","type-page","status-publish","hentry"],"yoast_head":"<!-- This site is optimized with the Yoast SEO plugin v20.8 - https:\/\/yoast.com\/wordpress\/plugins\/seo\/ -->\n<title>Adeline VANDENDYCK - Les kin\u00e9sith\u00e9rapeutes d&#039;Aywaille<\/title>\n<meta name=\"robots\" content=\"index, follow, max-snippet:-1, max-image-preview:large, max-video-preview:-1\" \/>\n<link rel=\"canonical\" href=\"https:\/\/www.kineaywaille.be\/index.php\/adeline-vandendyck\/\" \/>\n<meta property=\"og:locale\" content=\"fr_FR\" \/>\n<meta property=\"og:type\" content=\"article\" \/>\n<meta property=\"og:title\" content=\"Adeline VANDENDYCK - Les kin\u00e9sith\u00e9rapeutes d&#039;Aywaille\" \/>\n<meta property=\"og:description\" content=\"SPECIALISATIONS EN KINESITHERAPIE:&nbsp; PRISE EN CHARGE: \u00a0Au\u00a0Cabinet\u00a0et \u00e0 Domicile CONTACT: HORAIRES: &nbsp;Sur rendez-vous. Adresse du cabinet: &nbsp;Avenue Louis Libert, 26 &#8211; 4920 Aywaille\" \/>\n<meta property=\"og:url\" content=\"https:\/\/www.kineaywaille.be\/index.php\/adeline-vandendyck\/\" \/>\n<meta property=\"og:site_name\" content=\"Les kin\u00e9sith\u00e9rapeutes d&#039;Aywaille\" \/>\n<meta property=\"article:modified_time\" content=\"2025-07-30T16:43:34+00:00\" \/>\n<meta name=\"twitter:card\" content=\"summary_large_image\" \/>\n<meta name=\"twitter:label1\" content=\"Dur\u00e9e de lecture estim\u00e9e\" \/>\n\t<meta name=\"twitter:data1\" content=\"1 minute\" \/>\n<script type=\"application\/ld+json\" class=\"yoast-schema-graph\">{\"@context\":\"https:\/\/schema.org\",\"@graph\":[{\"@type\":\"WebPage\",\"@id\":\"https:\/\/www.kineaywaille.be\/index.php\/adeline-vandendyck\/\",\"url\":\"https:\/\/www.kineaywaille.be\/index.php\/adeline-vandendyck\/\",\"name\":\"Adeline VANDENDYCK - Les kin\u00e9sith\u00e9rapeutes d&#039;Aywaille\",\"isPartOf\":{\"@id\":\"https:\/\/www.kineaywaille.be\/#website\"},\"datePublished\":\"2025-07-30T16:43:31+00:00\",\"dateModified\":\"2025-07-30T16:43:34+00:00\",\"breadcrumb\":{\"@id\":\"https:\/\/www.kineaywaille.be\/index.php\/adeline-vandendyck\/#breadcrumb\"},\"inLanguage\":\"fr-FR\",\"potentialAction\":[{\"@type\":\"ReadAction\",\"target\":[\"https:\/\/www.kineaywaille.be\/index.php\/adeline-vandendyck\/\"]}]},{\"@type\":\"BreadcrumbList\",\"@id\":\"https:\/\/www.kineaywaille.be\/index.php\/adeline-vandendyck\/#breadcrumb\",\"itemListElement\":[{\"@type\":\"ListItem\",\"position\":1,\"name\":\"Accueil\",\"item\":\"https:\/\/www.kineaywaille.be\/\"},{\"@type\":\"ListItem\",\"position\":2,\"name\":\"Adeline VANDENDYCK\"}]},{\"@type\":\"WebSite\",\"@id\":\"https:\/\/www.kineaywaille.be\/#website\",\"url\":\"https:\/\/www.kineaywaille.be\/\",\"name\":\"Les kin\u00e9sith\u00e9rapeutes d&#039;Aywaille\",\"description\":\"Des professionnels de la sant\u00e9 \u00e0 votre service\",\"potentialAction\":[{\"@type\":\"SearchAction\",\"target\":{\"@type\":\"EntryPoint\",\"urlTemplate\":\"https:\/\/www.kineaywaille.be\/?s={search_term_string}\"},\"query-input\":\"required name=search_term_string\"}],\"inLanguage\":\"fr-FR\"}]}<\/script>\n<!-- \/ Yoast SEO plugin. -->","yoast_head_json":{"title":"Adeline VANDENDYCK - Les kin\u00e9sith\u00e9rapeutes d&#039;Aywaille","robots":{"index":"index","follow":"follow","max-snippet":"max-snippet:-1","max-image-preview":"max-image-preview:large","max-video-preview":"max-video-preview:-1"},"canonical":"https:\/\/www.kineaywaille.be\/index.php\/adeline-vandendyck\/","og_locale":"fr_FR","og_type":"article","og_title":"Adeline VANDENDYCK - Les kin\u00e9sith\u00e9rapeutes d&#039;Aywaille","og_description":"SPECIALISATIONS EN KINESITHERAPIE:&nbsp; PRISE EN CHARGE: \u00a0Au\u00a0Cabinet\u00a0et \u00e0 Domicile CONTACT: HORAIRES: &nbsp;Sur rendez-vous. Adresse du cabinet: &nbsp;Avenue Louis Libert, 26 &#8211; 4920 Aywaille","og_url":"https:\/\/www.kineaywaille.be\/index.php\/adeline-vandendyck\/","og_site_name":"Les kin\u00e9sith\u00e9rapeutes d&#039;Aywaille","article_modified_time":"2025-07-30T16:43:34+00:00","twitter_card":"summary_large_image","twitter_misc":{"Dur\u00e9e de lecture estim\u00e9e":"1 minute"},"schema":{"@context":"https:\/\/schema.org","@graph":[{"@type":"WebPage","@id":"https:\/\/www.kineaywaille.be\/index.php\/adeline-vandendyck\/","url":"https:\/\/www.kineaywaille.be\/index.php\/adeline-vandendyck\/","name":"Adeline VANDENDYCK - Les kin\u00e9sith\u00e9rapeutes d&#039;Aywaille","isPartOf":{"@id":"https:\/\/www.kineaywaille.be\/#website"},"datePublished":"2025-07-30T16:43:31+00:00","dateModified":"2025-07-30T16:43:34+00:00","breadcrumb":{"@id":"https:\/\/www.kineaywaille.be\/index.php\/adeline-vandendyck\/#breadcrumb"},"inLanguage":"fr-FR","potentialAction":[{"@type":"ReadAction","target":["https:\/\/www.kineaywaille.be\/index.php\/adeline-vandendyck\/"]}]},{"@type":"BreadcrumbList","@id":"https:\/\/www.kineaywaille.be\/index.php\/adeline-vandendyck\/#breadcrumb","itemListElement":[{"@type":"ListItem","position":1,"name":"Accueil","item":"https:\/\/www.kineaywaille.be\/"},{"@type":"ListItem","position":2,"name":"Adeline VANDENDYCK"}]},{"@type":"WebSite","@id":"https:\/\/www.kineaywaille.be\/#website","url":"https:\/\/www.kineaywaille.be\/","name":"Les kin\u00e9sith\u00e9rapeutes d&#039;Aywaille","description":"Des professionnels de la sant\u00e9 \u00e0 votre service","potentialAction":[{"@type":"SearchAction","target":{"@type":"EntryPoint","urlTemplate":"https:\/\/www.kineaywaille.be\/?s={search_term_string}"},"query-input":"required name=search_term_string"}],"inLanguage":"fr-FR"}]}},"jetpack_sharing_enabled":true,"jetpack_shortlink":"https:\/\/wp.me\/P8kv26-6y","jetpack-related-posts":[{"id":218,"url":"https:\/\/www.kineaywaille.be\/index.php\/edwige-culot\/","url_meta":{"origin":406,"position":0},"title":"Edwige CULOT","date":"24 f\u00e9vrier 2017","format":false,"excerpt":"SPECIALISATIONS EN KINESITHERAPIE:\u00a0 Kin\u00e9sith\u00e9rapie classique, Kin\u00e9sith\u00e9rapie respi, Psychmotricite, D\u00e9veloppement de la petite enfance, Kin\u00e9sith\u00e9rapie respiratoire (adultes et enfants)-Neurologie. AUTRES COMPETENCES: \u00a0 PRISE EN CHARGE: \u00a0Au\u00a0Cabinet et \u00e0 Domicile CONTACT: T\u00e9l.: +32(0)4-384.82.79 GSM: +32(0)496-47.17.96 Email: edwigeculot@hotmail.com HORAIRES: \u00a0Sur rendez-vous Adresse du cabinet: Rue de Bastogne, 9 \u2013 4920 Aywaille","rel":"","context":"Article similaire","img":{"alt_text":"","src":"","width":0,"height":0},"classes":[]},{"id":210,"url":"https:\/\/www.kineaywaille.be\/index.php\/bottin-sandrine\/","url_meta":{"origin":406,"position":1},"title":"Sandrine BOTTIN","date":"24 f\u00e9vrier 2017","format":false,"excerpt":"SPECIALISATIONS EN KINESITHERAPIE:\u00a0 Kin\u00e9sith\u00e9rapie g\u00e9n\u00e9rale et sportive, Cha\u00eenes musculaires, Drainage lymphatique, Kin\u00e9sith\u00e9rapie respiratoire, Endermologie. PRISE EN CHARGE: \u00a0Au\u00a0Cabinet et \u00e0 Domicile CONTACT: T\u00e9l. +32(0)4-384.76.83 HORAIRES: \u00a0Sur rendez-vous Adresse du cabinet: \u00a0Rue des Ardennes, 98 - 4920 Harz\u00e9","rel":"","context":"Article similaire","img":{"alt_text":"","src":"","width":0,"height":0},"classes":[]},{"id":232,"url":"https:\/\/www.kineaywaille.be\/index.php\/laetita-grignard\/","url_meta":{"origin":406,"position":2},"title":"Laetita GRIGNARD","date":"24 f\u00e9vrier 2017","format":false,"excerpt":"SPECIALISATIONS EN KINESITHERAPIE:\u00a0 Kin\u00e9sith\u00e9rapie g\u00e9n\u00e9rale, Kin\u00e9sith\u00e9rapie respiratoire et neuro-p\u00e9diatrique, Th\u00e9rapie manuelle. AUTRES COMPETENCES: \u00a0 PRISE EN CHARGE: \u00a0Au\u00a0Cabinet et \u00e0 Domicile CONTACT: GSM: +32(0)494\/21.38.77 Email:\u00a0laetitiagrignard@gmail.com HORAIRES: \u00a0Sur rendez-vous Adresse du cabinet: Havelange, 18 \u2013 4920 Harz\u00e9","rel":"","context":"Article similaire","img":{"alt_text":"","src":"","width":0,"height":0},"classes":[]},{"id":234,"url":"https:\/\/www.kineaywaille.be\/index.php\/damien-haufroid\/","url_meta":{"origin":406,"position":3},"title":"Damien HAUFROID","date":"24 f\u00e9vrier 2017","format":false,"excerpt":"SPECIALISATIONS EN KINESITHERAPIE:\u00a0 Kin\u00e9sith\u00e9rapie g\u00e9n\u00e9rale, Kin\u00e9sith\u00e9rapie vestibulaire, Cha\u00eenes musculaires (M\u00e9zi\u00e8res). AUTRES COMPETENCES: \u00a0 PRISE EN CHARGE: \u00a0Au\u00a0Cabinet et \u00e0 Domicile CONTACT: GSM: +32(0)486\/80.83.53 HORAIRES: \u00a0Sur rendez-vous Adresse du cabinet: Trixhe aux Mini\u00e8res, 6 \u2013 4920 Aywaille","rel":"","context":"Article similaire","img":{"alt_text":"","src":"","width":0,"height":0},"classes":[]},{"id":353,"url":"https:\/\/www.kineaywaille.be\/index.php\/camille-louis\/","url_meta":{"origin":406,"position":4},"title":"Camille LOUIS","date":"27 juin 2019","format":false,"excerpt":"SPECIALISATIONS EN KINESITHERAPIE:\u00a0 Kin\u00e9sith\u00e9rapie g\u00e9n\u00e9rale,\u00a0 Kin\u00e9sith\u00e9rapie du sport. PRISE EN CHARGE: \u00a0Au\u00a0Cabinet et A domicile CONTACT: GSM: +32(0)478\/54.50.79 Email: louiscamille.kine@gmail.com HORAIRES: \u00a0Sur rendez-vous. Adresse du cabinet: \u00a0Avenue Louis Libert, 26 - 4920 Aywaille","rel":"","context":"Article similaire","img":{"alt_text":"","src":"","width":0,"height":0},"classes":[]},{"id":400,"url":"https:\/\/www.kineaywaille.be\/index.php\/morgane-gheur\/","url_meta":{"origin":406,"position":5},"title":"Morgane GHEUR","date":"30 juillet 2025","format":false,"excerpt":"SPECIALISATIONS EN KINESITHERAPIE:\u00a0 Kin\u00e9sith\u00e9rapie g\u00e9n\u00e9rale, Kin\u00e9sith\u00e9rapie p\u00e9rinatale. PRISE EN CHARGE: \u00a0Au\u00a0Cabinet et \u00e0 Domicile CONTACT: GSM: +32(0)495\/17.01.99 Email:\u00a0morgane.gheur@yahoo.fr HORAIRES: \u00a0Sur rendez-vous Adresse du cabinet: Chemin de la Fontaine Cadet, 26 \u2013 4920 Paradis","rel":"","context":"Article similaire","img":{"alt_text":"","src":"","width":0,"height":0},"classes":[]}],"_links":{"self":[{"href":"https:\/\/www.kineaywaille.be\/index.php\/wp-json\/wp\/v2\/pages\/406","targetHints":{"allow":["GET"]}}],"collection":[{"href":"https:\/\/www.kineaywaille.be\/index.php\/wp-json\/wp\/v2\/pages"}],"about":[{"href":"https:\/\/www.kineaywaille.be\/index.php\/wp-json\/wp\/v2\/types\/page"}],"author":[{"embeddable":true,"href":"https:\/\/www.kineaywaille.be\/index.php\/wp-json\/wp\/v2\/users\/3"}],"replies":[{"embeddable":true,"href":"https:\/\/www.kineaywaille.be\/index.php\/wp-json\/wp\/v2\/comments?post=406"}],"version-history":[{"count":1,"href":"https:\/\/www.kineaywaille.be\/index.php\/wp-json\/wp\/v2\/pages\/406\/revisions"}],"predecessor-version":[{"id":407,"href":"https:\/\/www.kineaywaille.be\/index.php\/wp-json\/wp\/v2\/pages\/406\/revisions\/407"}],"wp:attachment":[{"href":"https:\/\/www.kineaywaille.be\/index.php\/wp-json\/wp\/v2\/media?parent=406"}],"curies":[{"name":"wp","href":"https:\/\/api.w.org\/{rel}","templated":true}]}}