{"id":39,"date":"2017-01-24T22:43:14","date_gmt":"2017-01-24T21:43:14","guid":{"rendered":"http:\/\/www.kineaywaille.be\/?page_id=39"},"modified":"2026-02-03T15:57:58","modified_gmt":"2026-02-03T14:57:58","slug":"martine-mignot","status":"publish","type":"page","link":"https:\/\/www.kineaywaille.be\/index.php\/martine-mignot\/","title":{"rendered":"Martine MIGNOT"},"content":{"rendered":"<p><span style=\"color: #808080;\"><strong><img loading=\"lazy\" decoding=\"async\" data-attachment-id=\"372\" data-permalink=\"https:\/\/www.kineaywaille.be\/index.php\/martine-mignot\/img-20200401-wa0001\/\" data-orig-file=\"https:\/\/i0.wp.com\/www.kineaywaille.be\/wp-content\/uploads\/2022\/04\/IMG-20200401-WA0001-e1649253418729.jpg?fit=640%2C653&amp;ssl=1\" data-orig-size=\"640,653\" data-comments-opened=\"1\" data-image-meta=\"{&quot;aperture&quot;:&quot;0&quot;,&quot;credit&quot;:&quot;&quot;,&quot;camera&quot;:&quot;&quot;,&quot;caption&quot;:&quot;&quot;,&quot;created_timestamp&quot;:&quot;0&quot;,&quot;copyright&quot;:&quot;&quot;,&quot;focal_length&quot;:&quot;0&quot;,&quot;iso&quot;:&quot;0&quot;,&quot;shutter_speed&quot;:&quot;0&quot;,&quot;title&quot;:&quot;&quot;,&quot;orientation&quot;:&quot;0&quot;}\" data-image-title=\"IMG-20200401-WA0001\" data-image-description=\"\" data-image-caption=\"\" data-medium-file=\"https:\/\/i0.wp.com\/www.kineaywaille.be\/wp-content\/uploads\/2022\/04\/IMG-20200401-WA0001-e1649253418729.jpg?fit=294%2C300&amp;ssl=1\" data-large-file=\"https:\/\/i0.wp.com\/www.kineaywaille.be\/wp-content\/uploads\/2022\/04\/IMG-20200401-WA0001-e1649253418729.jpg?fit=1024%2C472&amp;ssl=1\" class=\"alignnone size-thumbnail wp-image-372 alignright\" src=\"https:\/\/i0.wp.com\/www.kineaywaille.be\/wp-content\/uploads\/2022\/04\/IMG-20200401-WA0001-e1649253418729-150x150.jpg?resize=150%2C150\" alt=\"\" width=\"150\" height=\"150\" srcset=\"https:\/\/i0.wp.com\/www.kineaywaille.be\/wp-content\/uploads\/2022\/04\/IMG-20200401-WA0001-e1649253418729.jpg?resize=150%2C150&amp;ssl=1 150w, https:\/\/i0.wp.com\/www.kineaywaille.be\/wp-content\/uploads\/2022\/04\/IMG-20200401-WA0001-e1649253418729.jpg?zoom=2&amp;resize=150%2C150 300w, https:\/\/i0.wp.com\/www.kineaywaille.be\/wp-content\/uploads\/2022\/04\/IMG-20200401-WA0001-e1649253418729.jpg?zoom=3&amp;resize=150%2C150 450w\" sizes=\"auto, (max-width: 150px) 100vw, 150px\" data-recalc-dims=\"1\" \/>SPECIALISATIONS EN KINESITHERAPIE:<\/strong>\u00a0<\/span><\/p>\n<ul>\n<li><span style=\"color: #808080;\">Kin\u00e9sith\u00e9rapie p\u00e9diatrique,\u00a0<\/span><\/li>\n<li><span style=\"color: #808080;\">R\u00e9\u00e9ducation abdomino-pelvienne, <\/span><\/li>\n<li><span style=\"color: #808080;\">Kin\u00e9sith\u00e9rapie p\u00e9rinatale<\/span><\/li>\n<\/ul>\n<p><span style=\"color: #808080;\"><strong>AUTRES COMPETENCES<\/strong>: \u00a0<\/span><span style=\"color: #808080;\">Haptonomie pr\u00e9- et post-natale<\/span><\/p>\n<p><span style=\"color: #808080;\"><strong>PRISE EN CHARGE<\/strong>: \u00a0Au\u00a0<\/span><span style=\"color: #808080;\">Cabinet<br \/>\n<\/span><\/p>\n<p><span style=\"color: #808080;\"><strong>CONTACT<\/strong>: <\/span><\/p>\n<ul>\n<li><span style=\"color: #808080;\">GSM: +32(0)477\/88.93.17<\/span><\/li>\n<li>Email: <a href=\"mailto:martine.mignot@yahoo.fr\">martine.mignot@yahoo.fr<\/a><\/li>\n<\/ul>\n<p><span style=\"color: #808080;\"><strong>HORAIRES<\/strong>: \u00a0<\/span><span style=\"color: #808080;\">Sur rendez-vous du lun.-ven., 9.00h &#8211; 20.00h<\/span><\/p>\n<p><span style=\"color: #808080;\">Adresse du cabinet: \u00a0<\/span><strong style=\"color: #808080;\">Rue Mathieu Carpentier, 41 &#8211; 4920 Aywaille<\/strong><\/p>\n\r\n<div class=\"huge_it_google_map_container\">\r\n    <div id=\"huge_it_google_map_871\" data-map_id=\"1\"\r\n         class=\"huge_it_google_map\" style=\"\r\n    position:relative !important;\r\n    height:500px;\r\n    width:100%;\r\n    border-radius:30px;\r\n    margin:0px auto;\"\r\n         data-name=\"Martine Mignot\"\r\n         data-type=\"ROADMAP\"\r\n         data-zoom=\"15\"\r\n         data-min-zoom=\"8\"\r\n         data-max-zoom=\"22\"\r\n         data-border-radius=\"30\"\r\n         data-center-lat=\"50.4706669\"\r\n         data-center-lng=\"5.6792022\"\r\n         data-pan-controller=\"1\"\r\n         data-zoom-controller=\"1\"\r\n         data-type-controller=\"1\"\r\n         data-scale-controller=\"1\"\r\n         data-street-view-controller=\"1\"\r\n         data-overview-map-controller=\"1\"\r\n         data-width=\"100\"\r\n         data-height=\"500\"\r\n         data-align=\"center\"\r\n         data-info-type=\"click\"\r\n         data-open-infowindows-onload=\"0\"\r\n         data-animation=\"none\"\r\n         data-language=\"location based\"\r\n         data-draggable=\"1\"\r\n         data-wheel-scroll=\"1\"\r\n         data-traffic-layer=\"0\"\r\n         data-bike-layer=\"0\"\r\n         data-transit-layer=\"0\"\r\n         data-styling-hue=\"\"\r\n         data-styling-lightness=\"0\"\r\n         data-styling-gamma=\"1\"\r\n         data-styling-saturation=\"0\"><\/div>\r\n<\/div>\r\n\n","protected":false},"excerpt":{"rendered":"<p>SPECIALISATIONS EN KINESITHERAPIE:\u00a0 Kin\u00e9sith\u00e9rapie p\u00e9diatrique,\u00a0 R\u00e9\u00e9ducation abdomino-pelvienne, Kin\u00e9sith\u00e9rapie p\u00e9rinatale AUTRES COMPETENCES: \u00a0Haptonomie pr\u00e9- et post-natale PRISE EN CHARGE: \u00a0Au\u00a0Cabinet CONTACT: GSM: +32(0)477\/88.93.17 Email: martine.mignot@yahoo.fr HORAIRES: \u00a0Sur rendez-vous du lun.-ven., 9.00h [&hellip;]<\/p>\n","protected":false},"author":3,"featured_media":0,"parent":0,"menu_order":0,"comment_status":"closed","ping_status":"closed","template":"","meta":{"jetpack_post_was_ever_published":false,"footnotes":""},"class_list":["post-39","page","type-page","status-publish","hentry"],"yoast_head":"<!-- This site is optimized with the Yoast SEO plugin v20.8 - https:\/\/yoast.com\/wordpress\/plugins\/seo\/ -->\n<title>Martine MIGNOT - Les kin\u00e9sith\u00e9rapeutes d&#039;Aywaille<\/title>\n<meta name=\"description\" content=\"Kin\u00e9sith\u00e9rapie p\u00e9diatrique, R\u00e9\u00e9ducation abdomino-pelvienne, Kin\u00e9sith\u00e9rapie p\u00e9rinatale. Haptonomie pr\u00e9- et post-natale. Au Cabinet et \u00e0 Domicile\" \/>\n<meta name=\"robots\" content=\"index, follow, max-snippet:-1, max-image-preview:large, max-video-preview:-1\" \/>\n<link rel=\"canonical\" href=\"https:\/\/www.kineaywaille.be\/index.php\/martine-mignot\/\" \/>\n<meta property=\"og:locale\" content=\"fr_FR\" \/>\n<meta property=\"og:type\" content=\"article\" \/>\n<meta property=\"og:title\" content=\"Martine MIGNOT - Les kin\u00e9sith\u00e9rapeutes d&#039;Aywaille\" \/>\n<meta property=\"og:description\" content=\"Kin\u00e9sith\u00e9rapie p\u00e9diatrique, R\u00e9\u00e9ducation abdomino-pelvienne, Kin\u00e9sith\u00e9rapie p\u00e9rinatale. Haptonomie pr\u00e9- et post-natale. Au Cabinet et \u00e0 Domicile\" \/>\n<meta property=\"og:url\" content=\"https:\/\/www.kineaywaille.be\/index.php\/martine-mignot\/\" \/>\n<meta property=\"og:site_name\" content=\"Les kin\u00e9sith\u00e9rapeutes d&#039;Aywaille\" \/>\n<meta property=\"article:modified_time\" content=\"2026-02-03T14:57:58+00:00\" \/>\n<meta property=\"og:image\" content=\"http:\/\/www.kineaywaille.be\/wp-content\/uploads\/2022\/04\/IMG-20200401-WA0001-e1649253418729-150x150.jpg\" \/>\n<meta name=\"twitter:card\" content=\"summary_large_image\" \/>\n<meta name=\"twitter:label1\" content=\"Dur\u00e9e de lecture estim\u00e9e\" \/>\n\t<meta name=\"twitter:data1\" content=\"1 minute\" \/>\n<script type=\"application\/ld+json\" class=\"yoast-schema-graph\">{\"@context\":\"https:\/\/schema.org\",\"@graph\":[{\"@type\":\"WebPage\",\"@id\":\"https:\/\/www.kineaywaille.be\/index.php\/martine-mignot\/\",\"url\":\"https:\/\/www.kineaywaille.be\/index.php\/martine-mignot\/\",\"name\":\"Martine MIGNOT - Les kin\u00e9sith\u00e9rapeutes d&#039;Aywaille\",\"isPartOf\":{\"@id\":\"https:\/\/www.kineaywaille.be\/#website\"},\"datePublished\":\"2017-01-24T21:43:14+00:00\",\"dateModified\":\"2026-02-03T14:57:58+00:00\",\"description\":\"Kin\u00e9sith\u00e9rapie p\u00e9diatrique, R\u00e9\u00e9ducation abdomino-pelvienne, Kin\u00e9sith\u00e9rapie p\u00e9rinatale. Haptonomie pr\u00e9- et post-natale. Au Cabinet et \u00e0 Domicile\",\"breadcrumb\":{\"@id\":\"https:\/\/www.kineaywaille.be\/index.php\/martine-mignot\/#breadcrumb\"},\"inLanguage\":\"fr-FR\",\"potentialAction\":[{\"@type\":\"ReadAction\",\"target\":[\"https:\/\/www.kineaywaille.be\/index.php\/martine-mignot\/\"]}]},{\"@type\":\"BreadcrumbList\",\"@id\":\"https:\/\/www.kineaywaille.be\/index.php\/martine-mignot\/#breadcrumb\",\"itemListElement\":[{\"@type\":\"ListItem\",\"position\":1,\"name\":\"Accueil\",\"item\":\"https:\/\/www.kineaywaille.be\/\"},{\"@type\":\"ListItem\",\"position\":2,\"name\":\"Martine MIGNOT\"}]},{\"@type\":\"WebSite\",\"@id\":\"https:\/\/www.kineaywaille.be\/#website\",\"url\":\"https:\/\/www.kineaywaille.be\/\",\"name\":\"Les kin\u00e9sith\u00e9rapeutes d&#039;Aywaille\",\"description\":\"Des professionnels de la sant\u00e9 \u00e0 votre service\",\"potentialAction\":[{\"@type\":\"SearchAction\",\"target\":{\"@type\":\"EntryPoint\",\"urlTemplate\":\"https:\/\/www.kineaywaille.be\/?s={search_term_string}\"},\"query-input\":\"required name=search_term_string\"}],\"inLanguage\":\"fr-FR\"}]}<\/script>\n<!-- \/ Yoast SEO plugin. -->","yoast_head_json":{"title":"Martine MIGNOT - Les kin\u00e9sith\u00e9rapeutes d&#039;Aywaille","description":"Kin\u00e9sith\u00e9rapie p\u00e9diatrique, R\u00e9\u00e9ducation abdomino-pelvienne, Kin\u00e9sith\u00e9rapie p\u00e9rinatale. Haptonomie pr\u00e9- et post-natale. Au Cabinet et \u00e0 Domicile","robots":{"index":"index","follow":"follow","max-snippet":"max-snippet:-1","max-image-preview":"max-image-preview:large","max-video-preview":"max-video-preview:-1"},"canonical":"https:\/\/www.kineaywaille.be\/index.php\/martine-mignot\/","og_locale":"fr_FR","og_type":"article","og_title":"Martine MIGNOT - Les kin\u00e9sith\u00e9rapeutes d&#039;Aywaille","og_description":"Kin\u00e9sith\u00e9rapie p\u00e9diatrique, R\u00e9\u00e9ducation abdomino-pelvienne, Kin\u00e9sith\u00e9rapie p\u00e9rinatale. Haptonomie pr\u00e9- et post-natale. Au Cabinet et \u00e0 Domicile","og_url":"https:\/\/www.kineaywaille.be\/index.php\/martine-mignot\/","og_site_name":"Les kin\u00e9sith\u00e9rapeutes d&#039;Aywaille","article_modified_time":"2026-02-03T14:57:58+00:00","og_image":[{"url":"http:\/\/www.kineaywaille.be\/wp-content\/uploads\/2022\/04\/IMG-20200401-WA0001-e1649253418729-150x150.jpg"}],"twitter_card":"summary_large_image","twitter_misc":{"Dur\u00e9e de lecture estim\u00e9e":"1 minute"},"schema":{"@context":"https:\/\/schema.org","@graph":[{"@type":"WebPage","@id":"https:\/\/www.kineaywaille.be\/index.php\/martine-mignot\/","url":"https:\/\/www.kineaywaille.be\/index.php\/martine-mignot\/","name":"Martine MIGNOT - Les kin\u00e9sith\u00e9rapeutes d&#039;Aywaille","isPartOf":{"@id":"https:\/\/www.kineaywaille.be\/#website"},"datePublished":"2017-01-24T21:43:14+00:00","dateModified":"2026-02-03T14:57:58+00:00","description":"Kin\u00e9sith\u00e9rapie p\u00e9diatrique, R\u00e9\u00e9ducation abdomino-pelvienne, Kin\u00e9sith\u00e9rapie p\u00e9rinatale. Haptonomie pr\u00e9- et post-natale. Au Cabinet et \u00e0 Domicile","breadcrumb":{"@id":"https:\/\/www.kineaywaille.be\/index.php\/martine-mignot\/#breadcrumb"},"inLanguage":"fr-FR","potentialAction":[{"@type":"ReadAction","target":["https:\/\/www.kineaywaille.be\/index.php\/martine-mignot\/"]}]},{"@type":"BreadcrumbList","@id":"https:\/\/www.kineaywaille.be\/index.php\/martine-mignot\/#breadcrumb","itemListElement":[{"@type":"ListItem","position":1,"name":"Accueil","item":"https:\/\/www.kineaywaille.be\/"},{"@type":"ListItem","position":2,"name":"Martine MIGNOT"}]},{"@type":"WebSite","@id":"https:\/\/www.kineaywaille.be\/#website","url":"https:\/\/www.kineaywaille.be\/","name":"Les kin\u00e9sith\u00e9rapeutes d&#039;Aywaille","description":"Des professionnels de la sant\u00e9 \u00e0 votre service","potentialAction":[{"@type":"SearchAction","target":{"@type":"EntryPoint","urlTemplate":"https:\/\/www.kineaywaille.be\/?s={search_term_string}"},"query-input":"required name=search_term_string"}],"inLanguage":"fr-FR"}]}},"jetpack_sharing_enabled":true,"jetpack_shortlink":"https:\/\/wp.me\/P8kv26-D","jetpack-related-posts":[{"id":47,"url":"https:\/\/www.kineaywaille.be\/index.php\/liste-kines-a-aywaille\/","url_meta":{"origin":39,"position":0},"title":"Liste des kin\u00e9s Aywaille","date":"24 janvier 2017","format":false,"excerpt":"Liste des kin\u00e9sith\u00e9rapeutes actifs dans les environs d'Aywaille, class\u00e9s par ordre alphab\u00e9tique.","rel":"","context":"Article similaire","img":{"alt_text":"","src":"","width":0,"height":0},"classes":[]},{"id":218,"url":"https:\/\/www.kineaywaille.be\/index.php\/edwige-culot\/","url_meta":{"origin":39,"position":1},"title":"Edwige CULOT","date":"24 f\u00e9vrier 2017","format":false,"excerpt":"SPECIALISATIONS EN KINESITHERAPIE:\u00a0 Kin\u00e9sith\u00e9rapie classique, Kin\u00e9sith\u00e9rapie respi, Psychmotricite, D\u00e9veloppement de la petite enfance, Kin\u00e9sith\u00e9rapie respiratoire (adultes et enfants)-Neurologie. AUTRES COMPETENCES: \u00a0 PRISE EN CHARGE: \u00a0Au\u00a0Cabinet et \u00e0 Domicile CONTACT: T\u00e9l.: +32(0)4-384.82.79 GSM: +32(0)496-47.17.96 Email: edwigeculot@hotmail.com HORAIRES: \u00a0Sur rendez-vous Adresse du cabinet: Rue de Bastogne, 9 \u2013 4920 Aywaille","rel":"","context":"Article similaire","img":{"alt_text":"","src":"","width":0,"height":0},"classes":[]},{"id":210,"url":"https:\/\/www.kineaywaille.be\/index.php\/bottin-sandrine\/","url_meta":{"origin":39,"position":2},"title":"Sandrine BOTTIN","date":"24 f\u00e9vrier 2017","format":false,"excerpt":"SPECIALISATIONS EN KINESITHERAPIE:\u00a0 Kin\u00e9sith\u00e9rapie g\u00e9n\u00e9rale et sportive, Cha\u00eenes musculaires, Drainage lymphatique, Kin\u00e9sith\u00e9rapie respiratoire, Endermologie. PRISE EN CHARGE: \u00a0Au\u00a0Cabinet et \u00e0 Domicile CONTACT: T\u00e9l. +32(0)4-384.76.83 HORAIRES: \u00a0Sur rendez-vous Adresse du cabinet: \u00a0Rue des Ardennes, 98 - 4920 Harz\u00e9","rel":"","context":"Article similaire","img":{"alt_text":"","src":"","width":0,"height":0},"classes":[]},{"id":232,"url":"https:\/\/www.kineaywaille.be\/index.php\/laetita-grignard\/","url_meta":{"origin":39,"position":3},"title":"Laetita GRIGNARD","date":"24 f\u00e9vrier 2017","format":false,"excerpt":"SPECIALISATIONS EN KINESITHERAPIE:\u00a0 Kin\u00e9sith\u00e9rapie g\u00e9n\u00e9rale, Kin\u00e9sith\u00e9rapie respiratoire et neuro-p\u00e9diatrique, Th\u00e9rapie manuelle. AUTRES COMPETENCES: \u00a0 PRISE EN CHARGE: \u00a0Au\u00a0Cabinet et \u00e0 Domicile CONTACT: GSM: +32(0)494\/21.38.77 Email:\u00a0laetitiagrignard@gmail.com HORAIRES: \u00a0Sur rendez-vous Adresse du cabinet: Havelange, 18 \u2013 4920 Harz\u00e9","rel":"","context":"Article similaire","img":{"alt_text":"","src":"","width":0,"height":0},"classes":[]},{"id":234,"url":"https:\/\/www.kineaywaille.be\/index.php\/damien-haufroid\/","url_meta":{"origin":39,"position":4},"title":"Damien HAUFROID","date":"24 f\u00e9vrier 2017","format":false,"excerpt":"SPECIALISATIONS EN KINESITHERAPIE:\u00a0 Kin\u00e9sith\u00e9rapie g\u00e9n\u00e9rale, Kin\u00e9sith\u00e9rapie vestibulaire, Cha\u00eenes musculaires (M\u00e9zi\u00e8res). AUTRES COMPETENCES: \u00a0 PRISE EN CHARGE: \u00a0Au\u00a0Cabinet et \u00e0 Domicile CONTACT: GSM: +32(0)486\/80.83.53 HORAIRES: \u00a0Sur rendez-vous Adresse du cabinet: Trixhe aux Mini\u00e8res, 6 \u2013 4920 Aywaille","rel":"","context":"Article similaire","img":{"alt_text":"","src":"","width":0,"height":0},"classes":[]},{"id":353,"url":"https:\/\/www.kineaywaille.be\/index.php\/camille-louis\/","url_meta":{"origin":39,"position":5},"title":"Camille LOUIS","date":"27 juin 2019","format":false,"excerpt":"SPECIALISATIONS EN KINESITHERAPIE:\u00a0 Kin\u00e9sith\u00e9rapie g\u00e9n\u00e9rale,\u00a0 Kin\u00e9sith\u00e9rapie du sport. PRISE EN CHARGE: \u00a0Au\u00a0Cabinet et A domicile CONTACT: GSM: +32(0)478\/54.50.79 Email: louiscamille.kine@gmail.com HORAIRES: \u00a0Sur rendez-vous. Adresse du cabinet: \u00a0Avenue Louis Libert, 26 - 4920 Aywaille","rel":"","context":"Article similaire","img":{"alt_text":"","src":"","width":0,"height":0},"classes":[]}],"_links":{"self":[{"href":"https:\/\/www.kineaywaille.be\/index.php\/wp-json\/wp\/v2\/pages\/39","targetHints":{"allow":["GET"]}}],"collection":[{"href":"https:\/\/www.kineaywaille.be\/index.php\/wp-json\/wp\/v2\/pages"}],"about":[{"href":"https:\/\/www.kineaywaille.be\/index.php\/wp-json\/wp\/v2\/types\/page"}],"author":[{"embeddable":true,"href":"https:\/\/www.kineaywaille.be\/index.php\/wp-json\/wp\/v2\/users\/3"}],"replies":[{"embeddable":true,"href":"https:\/\/www.kineaywaille.be\/index.php\/wp-json\/wp\/v2\/comments?post=39"}],"version-history":[{"count":28,"href":"https:\/\/www.kineaywaille.be\/index.php\/wp-json\/wp\/v2\/pages\/39\/revisions"}],"predecessor-version":[{"id":418,"href":"https:\/\/www.kineaywaille.be\/index.php\/wp-json\/wp\/v2\/pages\/39\/revisions\/418"}],"wp:attachment":[{"href":"https:\/\/www.kineaywaille.be\/index.php\/wp-json\/wp\/v2\/media?parent=39"}],"curies":[{"name":"wp","href":"https:\/\/api.w.org\/{rel}","templated":true}]}}