{"id":236,"date":"2017-02-24T09:35:18","date_gmt":"2017-02-24T08:35:18","guid":{"rendered":"http:\/\/www.kineaywaille.be\/?page_id=236"},"modified":"2017-03-15T10:55:09","modified_gmt":"2017-03-15T09:55:09","slug":"charles-laval","status":"publish","type":"page","link":"https:\/\/www.kineaywaille.be\/index.php\/charles-laval\/","title":{"rendered":"Charles LAVAL"},"content":{"rendered":"<p><span style=\"color: #808080;\"><strong>SPECIALISATIONS EN KINESITHERAPIE:<\/strong>\u00a0<\/span><\/p>\n<ul>\n<li>Kin\u00e9sith\u00e9rapie g\u00e9n\u00e9rale,<\/li>\n<li>Post-op\u00e9ratoire,<\/li>\n<li>Pathologies chroniques et sportives,<\/li>\n<li>Osth\u00e9opathie,<\/li>\n<li>Ondes de choc.<\/li>\n<\/ul>\n<p><span style=\"color: #808080;\"><strong>AUTRES COMPETENCES<\/strong>: \u00a0Prise en charge clinique du coureur \u00e0 pied d\u00e9butant et exp\u00e9riment\u00e9 selon la m\u00e9thodologie de la \u00a8Clinique du coureur\u00a8<\/span><\/p>\n<p><span style=\"color: #808080;\"><strong>PRISE EN CHARGE<\/strong>: \u00a0Au\u00a0<\/span><span style=\"color: #808080;\">Cabinet et \u00e0 Domicile<\/span><\/p>\n<p><span style=\"color: #808080;\"><strong>CONTACT<\/strong>:<\/span><\/p>\n<ul>\n<li>T\u00e9l.: +32(0)4-384.79.95<\/li>\n<li>GSM: +32(0)495\/18.23.38<\/li>\n<li>Email: <a href=\"mailto:charleslaval8@gmail.com\">charleslaval8@gmail.com<\/a><\/li>\n<li>Web:\u00a0<a href=\"http:\/\/charleslaval.com\">charleslaval.com<\/a><\/li>\n<\/ul>\n<p><span style=\"color: #808080;\"><strong>HORAIRES<\/strong>: \u00a0<\/span><span style=\"color: #808080;\">Sur rendez-vous<\/span><\/p>\n<p><span style=\"color: #808080;\">Adresse du cabinet: \u00a0<strong>Rue des Aub\u00e9pines, 27 \u2013 4920 Aywaille<\/strong><\/span><\/p>\n\r\n<div class=\"huge_it_google_map_container\">\r\n    <div id=\"huge_it_google_map_7194\" data-map_id=\"14\"\r\n         class=\"huge_it_google_map\" style=\"\r\n    position:relative !important;\r\n    height:500px;\r\n    width:100%;\r\n    border-radius:30px;\r\n    margin:0px auto;\"\r\n         data-name=\"Charles Laval\"\r\n         data-type=\"ROADMAP\"\r\n         data-zoom=\"15\"\r\n         data-min-zoom=\"8\"\r\n         data-max-zoom=\"22\"\r\n         data-border-radius=\"30\"\r\n         data-center-lat=\"50.4719103\"\r\n         data-center-lng=\"5.6542995\"\r\n         data-pan-controller=\"1\"\r\n         data-zoom-controller=\"1\"\r\n         data-type-controller=\"1\"\r\n         data-scale-controller=\"1\"\r\n         data-street-view-controller=\"1\"\r\n         data-overview-map-controller=\"1\"\r\n         data-width=\"100\"\r\n         data-height=\"500\"\r\n         data-align=\"center\"\r\n         data-info-type=\"click\"\r\n         data-open-infowindows-onload=\"0\"\r\n         data-animation=\"none\"\r\n         data-language=\"location based\"\r\n         data-draggable=\"1\"\r\n         data-wheel-scroll=\"1\"\r\n         data-traffic-layer=\"0\"\r\n         data-bike-layer=\"0\"\r\n         data-transit-layer=\"0\"\r\n         data-styling-hue=\"\"\r\n         data-styling-lightness=\"0\"\r\n         data-styling-gamma=\"1\"\r\n         data-styling-saturation=\"0\"><\/div>\r\n<\/div>\r\n\n<p>&nbsp;<\/p>\n<p>Mes comp\u00e9tences sont la kin\u00e9sith\u00e9rapie g\u00e9n\u00e9rale, post-op\u00e9ratoire, pathologies chroniques et sportives au cabinet . Une prise en charge est aussi effectu\u00e9e \u00e0 domicile pour les personnes ag\u00e9es ainsi que les personnes incapables de se d\u00e9placer pour des raisons m\u00e9dicales.<\/p>\n<p>L&rsquo;activit\u00e9 physique est un secteur qui me tient \u00e0 coeur . Cette dimension du quotidien fait partie des 3 piliers d&rsquo; une hygi\u00e8ne de vie basique et essentielle ( alimentation saine- hydratation r\u00e9guli\u00e8re- activit\u00e9 physique ). Mon attention est port\u00e9e particuli\u00e8rement sur la reprise fonctionnelle du patient ainsi que son autonomie au quotidien, que cela soit au travail ainsi que dans son activit\u00e9 journali\u00e8re.<br \/>\nA mes yeux, le plus important est cette r\u00e9\u00e9ducation fonctionnelle sans pour autant n\u00e9gliger l&rsquo; aspect nocicepteur ( douleur). La r\u00e9\u00e9ducation du geste demande souvent un effort de la part du\u00a0patient o\u00f9 l&rsquo;on sollicite des structures tissulaires qui parfois peuvent \u00eatre sensibles pour celui-ci.<br \/>\nNous travaillons sur des organismes vivants !<br \/>\nSur des explication coh\u00e9rentes, le patient comprend de suite la direction \u00e0 suivre pour revenir dans le parcours du quotidien.Pourtant , j&rsquo; aimerais insister sur le fait que chaque traitement est\u00a0personnalis\u00e9 . Chaque patient est diff\u00e9rent et donc chaque traitement sera adapt\u00e9 en fonction de\u00a0sa pathologie ! Un protocole de traitement est pour moi une ab\u00e9rration !!!<\/p>\n<p>Mais, Il y a des\u00a0fondamentaux et des principes \u00e0 respecter. Cette prise en charge est bas\u00e9e sur la relation de confiance entre le th\u00e9rapeute et le patient mais aussi entre le patient et le th\u00e9rapeute. Chacun doit \u00eatre \u00e0 l&rsquo; \u00e9coute de l&rsquo;autre.<\/p>\n<p>FORMATIONS :<br \/>\nEn cours Harmonisation Myotensive de la T\u00eate et du Cou:<br \/>\n2016 : Formation : \u00a8La clinique du coureur \u00e0 pied\u00a8<br \/>\n2015 : Appareil ondes de choc storz medical masterplus mp100<br \/>\n2014 : Formation medical taping concept ( kin\u00e9siotape)<br \/>\n2006-2011 : Ost\u00e9opathe D.O. (IAO)<br \/>\n2002-2004 : Dipl\u00f4m\u00e9 en Ost\u00e9o-\u00e9thiopathie (Th\u00e9rapie Manuelle A.T.M.S.)<br \/>\n2000-2001 : Kin\u00e9sith\u00e9rapie analytique (concept Raymond Sohier)<br \/>\n1998 Formation en Neurostructural Integration Technique (1er niveau Aix-en-Provence)<br \/>\n1997-1998 : Formation en Myoth\u00e9rapie (inhibition musculaire) (Dr Polack) \u00e0 Paris<br \/>\n1990-1991 : Licence en r\u00e9adaptation et revalidation sportive obtenue \u00e0 l\u00b4U.C.L.avec distinction<br \/>\n1986-1990 : Licence en kin\u00e9sith\u00e9rapie et r\u00e9adaptation obtenue \u00e0 l\u00b4U.C.L. avec distinction<\/p>\n","protected":false},"excerpt":{"rendered":"<p>SPECIALISATIONS EN KINESITHERAPIE:\u00a0 Kin\u00e9sith\u00e9rapie g\u00e9n\u00e9rale, Post-op\u00e9ratoire, Pathologies chroniques et sportives, Osth\u00e9opathie, Ondes de choc. AUTRES COMPETENCES: \u00a0Prise en charge clinique du coureur \u00e0 pied d\u00e9butant et exp\u00e9riment\u00e9 selon la m\u00e9thodologie [&hellip;]<\/p>\n","protected":false},"author":3,"featured_media":0,"parent":0,"menu_order":0,"comment_status":"closed","ping_status":"closed","template":"","meta":{"jetpack_post_was_ever_published":false,"footnotes":""},"class_list":["post-236","page","type-page","status-publish","hentry"],"yoast_head":"<!-- This site is optimized with the Yoast SEO plugin v20.8 - https:\/\/yoast.com\/wordpress\/plugins\/seo\/ -->\n<title>Charles LAVAL - Les kin\u00e9sith\u00e9rapeutes d&#039;Aywaille<\/title>\n<meta name=\"robots\" content=\"index, follow, max-snippet:-1, max-image-preview:large, max-video-preview:-1\" \/>\n<link rel=\"canonical\" href=\"https:\/\/www.kineaywaille.be\/index.php\/charles-laval\/\" \/>\n<meta property=\"og:locale\" content=\"fr_FR\" \/>\n<meta property=\"og:type\" content=\"article\" \/>\n<meta property=\"og:title\" content=\"Charles LAVAL - Les kin\u00e9sith\u00e9rapeutes d&#039;Aywaille\" \/>\n<meta property=\"og:description\" content=\"SPECIALISATIONS EN KINESITHERAPIE:\u00a0 Kin\u00e9sith\u00e9rapie g\u00e9n\u00e9rale, Post-op\u00e9ratoire, Pathologies chroniques et sportives, Osth\u00e9opathie, Ondes de choc. AUTRES COMPETENCES: \u00a0Prise en charge clinique du coureur \u00e0 pied d\u00e9butant et exp\u00e9riment\u00e9 selon la m\u00e9thodologie [&hellip;]\" \/>\n<meta property=\"og:url\" content=\"https:\/\/www.kineaywaille.be\/index.php\/charles-laval\/\" \/>\n<meta property=\"og:site_name\" content=\"Les kin\u00e9sith\u00e9rapeutes d&#039;Aywaille\" \/>\n<meta property=\"article:modified_time\" content=\"2017-03-15T09:55:09+00:00\" \/>\n<meta name=\"twitter:card\" content=\"summary_large_image\" \/>\n<meta name=\"twitter:label1\" content=\"Dur\u00e9e de lecture estim\u00e9e\" \/>\n\t<meta name=\"twitter:data1\" content=\"2 minutes\" \/>\n<script type=\"application\/ld+json\" class=\"yoast-schema-graph\">{\"@context\":\"https:\/\/schema.org\",\"@graph\":[{\"@type\":\"WebPage\",\"@id\":\"https:\/\/www.kineaywaille.be\/index.php\/charles-laval\/\",\"url\":\"https:\/\/www.kineaywaille.be\/index.php\/charles-laval\/\",\"name\":\"Charles LAVAL - Les kin\u00e9sith\u00e9rapeutes d&#039;Aywaille\",\"isPartOf\":{\"@id\":\"https:\/\/www.kineaywaille.be\/#website\"},\"datePublished\":\"2017-02-24T08:35:18+00:00\",\"dateModified\":\"2017-03-15T09:55:09+00:00\",\"breadcrumb\":{\"@id\":\"https:\/\/www.kineaywaille.be\/index.php\/charles-laval\/#breadcrumb\"},\"inLanguage\":\"fr-FR\",\"potentialAction\":[{\"@type\":\"ReadAction\",\"target\":[\"https:\/\/www.kineaywaille.be\/index.php\/charles-laval\/\"]}]},{\"@type\":\"BreadcrumbList\",\"@id\":\"https:\/\/www.kineaywaille.be\/index.php\/charles-laval\/#breadcrumb\",\"itemListElement\":[{\"@type\":\"ListItem\",\"position\":1,\"name\":\"Accueil\",\"item\":\"https:\/\/www.kineaywaille.be\/\"},{\"@type\":\"ListItem\",\"position\":2,\"name\":\"Charles LAVAL\"}]},{\"@type\":\"WebSite\",\"@id\":\"https:\/\/www.kineaywaille.be\/#website\",\"url\":\"https:\/\/www.kineaywaille.be\/\",\"name\":\"Les kin\u00e9sith\u00e9rapeutes d&#039;Aywaille\",\"description\":\"Des professionnels de la sant\u00e9 \u00e0 votre service\",\"potentialAction\":[{\"@type\":\"SearchAction\",\"target\":{\"@type\":\"EntryPoint\",\"urlTemplate\":\"https:\/\/www.kineaywaille.be\/?s={search_term_string}\"},\"query-input\":\"required name=search_term_string\"}],\"inLanguage\":\"fr-FR\"}]}<\/script>\n<!-- \/ Yoast SEO plugin. -->","yoast_head_json":{"title":"Charles LAVAL - Les kin\u00e9sith\u00e9rapeutes d&#039;Aywaille","robots":{"index":"index","follow":"follow","max-snippet":"max-snippet:-1","max-image-preview":"max-image-preview:large","max-video-preview":"max-video-preview:-1"},"canonical":"https:\/\/www.kineaywaille.be\/index.php\/charles-laval\/","og_locale":"fr_FR","og_type":"article","og_title":"Charles LAVAL - Les kin\u00e9sith\u00e9rapeutes d&#039;Aywaille","og_description":"SPECIALISATIONS EN KINESITHERAPIE:\u00a0 Kin\u00e9sith\u00e9rapie g\u00e9n\u00e9rale, Post-op\u00e9ratoire, Pathologies chroniques et sportives, Osth\u00e9opathie, Ondes de choc. AUTRES COMPETENCES: \u00a0Prise en charge clinique du coureur \u00e0 pied d\u00e9butant et exp\u00e9riment\u00e9 selon la m\u00e9thodologie [&hellip;]","og_url":"https:\/\/www.kineaywaille.be\/index.php\/charles-laval\/","og_site_name":"Les kin\u00e9sith\u00e9rapeutes d&#039;Aywaille","article_modified_time":"2017-03-15T09:55:09+00:00","twitter_card":"summary_large_image","twitter_misc":{"Dur\u00e9e de lecture estim\u00e9e":"2 minutes"},"schema":{"@context":"https:\/\/schema.org","@graph":[{"@type":"WebPage","@id":"https:\/\/www.kineaywaille.be\/index.php\/charles-laval\/","url":"https:\/\/www.kineaywaille.be\/index.php\/charles-laval\/","name":"Charles LAVAL - Les kin\u00e9sith\u00e9rapeutes d&#039;Aywaille","isPartOf":{"@id":"https:\/\/www.kineaywaille.be\/#website"},"datePublished":"2017-02-24T08:35:18+00:00","dateModified":"2017-03-15T09:55:09+00:00","breadcrumb":{"@id":"https:\/\/www.kineaywaille.be\/index.php\/charles-laval\/#breadcrumb"},"inLanguage":"fr-FR","potentialAction":[{"@type":"ReadAction","target":["https:\/\/www.kineaywaille.be\/index.php\/charles-laval\/"]}]},{"@type":"BreadcrumbList","@id":"https:\/\/www.kineaywaille.be\/index.php\/charles-laval\/#breadcrumb","itemListElement":[{"@type":"ListItem","position":1,"name":"Accueil","item":"https:\/\/www.kineaywaille.be\/"},{"@type":"ListItem","position":2,"name":"Charles LAVAL"}]},{"@type":"WebSite","@id":"https:\/\/www.kineaywaille.be\/#website","url":"https:\/\/www.kineaywaille.be\/","name":"Les kin\u00e9sith\u00e9rapeutes d&#039;Aywaille","description":"Des professionnels de la sant\u00e9 \u00e0 votre service","potentialAction":[{"@type":"SearchAction","target":{"@type":"EntryPoint","urlTemplate":"https:\/\/www.kineaywaille.be\/?s={search_term_string}"},"query-input":"required name=search_term_string"}],"inLanguage":"fr-FR"}]}},"jetpack_sharing_enabled":true,"jetpack_shortlink":"https:\/\/wp.me\/P8kv26-3O","jetpack-related-posts":[{"id":218,"url":"https:\/\/www.kineaywaille.be\/index.php\/edwige-culot\/","url_meta":{"origin":236,"position":0},"title":"Edwige CULOT","date":"24 f\u00e9vrier 2017","format":false,"excerpt":"SPECIALISATIONS EN KINESITHERAPIE:\u00a0 Kin\u00e9sith\u00e9rapie classique, Kin\u00e9sith\u00e9rapie respi, Psychmotricite, D\u00e9veloppement de la petite enfance, Kin\u00e9sith\u00e9rapie respiratoire (adultes et enfants)-Neurologie. AUTRES COMPETENCES: \u00a0 PRISE EN CHARGE: \u00a0Au\u00a0Cabinet et \u00e0 Domicile CONTACT: T\u00e9l.: +32(0)4-384.82.79 GSM: +32(0)496-47.17.96 Email: edwigeculot@hotmail.com HORAIRES: \u00a0Sur rendez-vous Adresse du cabinet: Rue de Bastogne, 9 \u2013 4920 Aywaille","rel":"","context":"Article similaire","img":{"alt_text":"","src":"","width":0,"height":0},"classes":[]},{"id":242,"url":"https:\/\/www.kineaywaille.be\/index.php\/philippe-malempre\/","url_meta":{"origin":236,"position":1},"title":"Philippe MALEMPR\u00c9","date":"24 f\u00e9vrier 2017","format":false,"excerpt":"SPECIALISATIONS EN KINESITHERAPIE:\u00a0 Kin\u00e9sith\u00e9rapie g\u00e9n\u00e9rale et sportive, Kin\u00e9sith\u00e9rapie orthop\u00e9dique post-op\u00e9ratoire, Taping, Physioth\u00e9rapie, Th\u00e9rapie manuelle. AUTRES COMPETENCES: \u00a0 PRISE EN CHARGE: \u00a0Au\u00a0Cabinet et \u00e0 Domicile CONTACT: T\u00e9l.: +32(0)4-384.63.31 GSM: +32(0)495\/16.41.51 Email: malemprephil@hotmail.com HORAIRES: \u00a0Sur rendez-vous Adresse du cabinet: \u00a0Rue du Chalet, 15 - 4920 Aywaille","rel":"","context":"Article similaire","img":{"alt_text":"","src":"","width":0,"height":0},"classes":[]},{"id":210,"url":"https:\/\/www.kineaywaille.be\/index.php\/bottin-sandrine\/","url_meta":{"origin":236,"position":2},"title":"Sandrine BOTTIN","date":"24 f\u00e9vrier 2017","format":false,"excerpt":"SPECIALISATIONS EN KINESITHERAPIE:\u00a0 Kin\u00e9sith\u00e9rapie g\u00e9n\u00e9rale et sportive, Cha\u00eenes musculaires, Drainage lymphatique, Kin\u00e9sith\u00e9rapie respiratoire, Endermologie. PRISE EN CHARGE: \u00a0Au\u00a0Cabinet et \u00e0 Domicile CONTACT: T\u00e9l. +32(0)4-384.76.83 HORAIRES: \u00a0Sur rendez-vous Adresse du cabinet: \u00a0Rue des Ardennes, 98 - 4920 Harz\u00e9","rel":"","context":"Article similaire","img":{"alt_text":"","src":"","width":0,"height":0},"classes":[]},{"id":232,"url":"https:\/\/www.kineaywaille.be\/index.php\/laetita-grignard\/","url_meta":{"origin":236,"position":3},"title":"Laetita GRIGNARD","date":"24 f\u00e9vrier 2017","format":false,"excerpt":"SPECIALISATIONS EN KINESITHERAPIE:\u00a0 Kin\u00e9sith\u00e9rapie g\u00e9n\u00e9rale, Kin\u00e9sith\u00e9rapie respiratoire et neuro-p\u00e9diatrique, Th\u00e9rapie manuelle. AUTRES COMPETENCES: \u00a0 PRISE EN CHARGE: \u00a0Au\u00a0Cabinet et \u00e0 Domicile CONTACT: GSM: +32(0)494\/21.38.77 Email:\u00a0laetitiagrignard@gmail.com HORAIRES: \u00a0Sur rendez-vous Adresse du cabinet: Havelange, 18 \u2013 4920 Harz\u00e9","rel":"","context":"Article similaire","img":{"alt_text":"","src":"","width":0,"height":0},"classes":[]},{"id":353,"url":"https:\/\/www.kineaywaille.be\/index.php\/camille-louis\/","url_meta":{"origin":236,"position":4},"title":"Camille LOUIS","date":"27 juin 2019","format":false,"excerpt":"SPECIALISATIONS EN KINESITHERAPIE:\u00a0 Kin\u00e9sith\u00e9rapie g\u00e9n\u00e9rale,\u00a0 Kin\u00e9sith\u00e9rapie du sport. PRISE EN CHARGE: \u00a0Au\u00a0Cabinet et A domicile CONTACT: GSM: +32(0)478\/54.50.79 Email: louiscamille.kine@gmail.com HORAIRES: \u00a0Sur rendez-vous. Adresse du cabinet: \u00a0Avenue Louis Libert, 26 - 4920 Aywaille","rel":"","context":"Article similaire","img":{"alt_text":"","src":"","width":0,"height":0},"classes":[]},{"id":335,"url":"https:\/\/www.kineaywaille.be\/index.php\/romano-toro\/","url_meta":{"origin":236,"position":5},"title":"Romano TORO","date":"2 avril 2017","format":false,"excerpt":"SPECIALISATIONS EN KINESITHERAPIE:\u00a0 Kin\u00e9sith\u00e9rapie g\u00e9n\u00e9rale et sportive, Kin\u00e9sith\u00e9rapie respiratoire (adultes et enfants), \u00c9nerg\u00e9tique chinoise (kin\u00e9siologie, acupuncture, ventouse). AUTRES COMPETENCES: \u00a0 PRISE EN CHARGE: \u00a0Au\u00a0Cabinet CONTACT: GSM: +32(0)493\/56.38.94 Email: romano.toro@gmail.com HORAIRES: \u00a0Sur rendez-vous Adresse du cabinet: \u00a0Avenue Louis Libert, 26\u00a0- 4920 Aywaille","rel":"","context":"Article similaire","img":{"alt_text":"","src":"","width":0,"height":0},"classes":[]}],"_links":{"self":[{"href":"https:\/\/www.kineaywaille.be\/index.php\/wp-json\/wp\/v2\/pages\/236","targetHints":{"allow":["GET"]}}],"collection":[{"href":"https:\/\/www.kineaywaille.be\/index.php\/wp-json\/wp\/v2\/pages"}],"about":[{"href":"https:\/\/www.kineaywaille.be\/index.php\/wp-json\/wp\/v2\/types\/page"}],"author":[{"embeddable":true,"href":"https:\/\/www.kineaywaille.be\/index.php\/wp-json\/wp\/v2\/users\/3"}],"replies":[{"embeddable":true,"href":"https:\/\/www.kineaywaille.be\/index.php\/wp-json\/wp\/v2\/comments?post=236"}],"version-history":[{"count":7,"href":"https:\/\/www.kineaywaille.be\/index.php\/wp-json\/wp\/v2\/pages\/236\/revisions"}],"predecessor-version":[{"id":331,"href":"https:\/\/www.kineaywaille.be\/index.php\/wp-json\/wp\/v2\/pages\/236\/revisions\/331"}],"wp:attachment":[{"href":"https:\/\/www.kineaywaille.be\/index.php\/wp-json\/wp\/v2\/media?parent=236"}],"curies":[{"name":"wp","href":"https:\/\/api.w.org\/{rel}","templated":true}]}}