{"id":210,"date":"2017-02-24T09:15:16","date_gmt":"2017-02-24T08:15:16","guid":{"rendered":"http:\/\/www.kineaywaille.be\/?page_id=210"},"modified":"2017-02-24T09:23:02","modified_gmt":"2017-02-24T08:23:02","slug":"bottin-sandrine","status":"publish","type":"page","link":"https:\/\/www.kineaywaille.be\/index.php\/bottin-sandrine\/","title":{"rendered":"Sandrine BOTTIN"},"content":{"rendered":"<p><span style=\"color: #808080;\"><strong>SPECIALISATIONS EN KINESITHERAPIE:<\/strong>\u00a0<\/span><\/p>\n<ul>\n<li>Kin\u00e9sith\u00e9rapie g\u00e9n\u00e9rale et sportive,<\/li>\n<li>Cha\u00eenes musculaires,<\/li>\n<li>Drainage lymphatique,<\/li>\n<li>Kin\u00e9sith\u00e9rapie respiratoire,<\/li>\n<li>Endermologie.<\/li>\n<\/ul>\n<p><span style=\"color: #808080;\"><strong>PRISE EN CHARGE<\/strong>: \u00a0Au\u00a0<\/span><span style=\"color: #808080;\">Cabinet et \u00e0 Domicile<\/span><\/p>\n<p><span style=\"color: #808080;\"><strong>CONTACT<\/strong>:<\/span><\/p>\n<ul>\n<li><span style=\"color: #808080;\">T\u00e9l. +32(0)4-384.76.83<\/span><\/li>\n<\/ul>\n<p><span style=\"color: #808080;\"><strong>HORAIRES<\/strong>: \u00a0<\/span><span style=\"color: #808080;\">Sur rendez-vous<\/span><\/p>\n<p><span style=\"color: #808080;\">Adresse du cabinet: \u00a0<strong>Rue des Ardennes<\/strong><\/span><strong style=\"color: #808080;\">, 98 &#8211; 4920 Harz\u00e9<\/strong><\/p>\n\r\n<div class=\"huge_it_google_map_container\">\r\n    <div id=\"huge_it_google_map_1644\" data-map_id=\"4\"\r\n         class=\"huge_it_google_map\" style=\"\r\n    position:relative !important;\r\n    height:500px;\r\n    width:100%;\r\n    border-radius:30px;\r\n    margin:0px auto;\"\r\n         data-name=\"Sandrine Bottin\"\r\n         data-type=\"ROADMAP\"\r\n         data-zoom=\"15\"\r\n         data-min-zoom=\"8\"\r\n         data-max-zoom=\"22\"\r\n         data-border-radius=\"30\"\r\n         data-center-lat=\"50.4494639\"\r\n         data-center-lng=\"5.6679639\"\r\n         data-pan-controller=\"1\"\r\n         data-zoom-controller=\"1\"\r\n         data-type-controller=\"1\"\r\n         data-scale-controller=\"1\"\r\n         data-street-view-controller=\"1\"\r\n         data-overview-map-controller=\"1\"\r\n         data-width=\"100\"\r\n         data-height=\"500\"\r\n         data-align=\"center\"\r\n         data-info-type=\"click\"\r\n         data-open-infowindows-onload=\"0\"\r\n         data-animation=\"none\"\r\n         data-language=\"location based\"\r\n         data-draggable=\"1\"\r\n         data-wheel-scroll=\"1\"\r\n         data-traffic-layer=\"0\"\r\n         data-bike-layer=\"0\"\r\n         data-transit-layer=\"0\"\r\n         data-styling-hue=\"\"\r\n         data-styling-lightness=\"0\"\r\n         data-styling-gamma=\"1\"\r\n         data-styling-saturation=\"0\"><\/div>\r\n<\/div>\r\n\n","protected":false},"excerpt":{"rendered":"<p>SPECIALISATIONS EN KINESITHERAPIE:\u00a0 Kin\u00e9sith\u00e9rapie g\u00e9n\u00e9rale et sportive, Cha\u00eenes musculaires, Drainage lymphatique, Kin\u00e9sith\u00e9rapie respiratoire, Endermologie. PRISE EN CHARGE: \u00a0Au\u00a0Cabinet et \u00e0 Domicile CONTACT: T\u00e9l. +32(0)4-384.76.83 HORAIRES: \u00a0Sur rendez-vous Adresse du cabinet: [&hellip;]<\/p>\n","protected":false},"author":3,"featured_media":0,"parent":0,"menu_order":0,"comment_status":"closed","ping_status":"closed","template":"","meta":{"jetpack_post_was_ever_published":false,"footnotes":""},"class_list":["post-210","page","type-page","status-publish","hentry"],"yoast_head":"<!-- This site is optimized with the Yoast SEO plugin v20.8 - https:\/\/yoast.com\/wordpress\/plugins\/seo\/ -->\n<title>Sandrine BOTTIN - Les kin\u00e9sith\u00e9rapeutes d&#039;Aywaille<\/title>\n<meta name=\"robots\" content=\"index, follow, max-snippet:-1, max-image-preview:large, max-video-preview:-1\" \/>\n<link rel=\"canonical\" href=\"https:\/\/www.kineaywaille.be\/index.php\/bottin-sandrine\/\" \/>\n<meta property=\"og:locale\" content=\"fr_FR\" \/>\n<meta property=\"og:type\" content=\"article\" \/>\n<meta property=\"og:title\" content=\"Sandrine BOTTIN - Les kin\u00e9sith\u00e9rapeutes d&#039;Aywaille\" \/>\n<meta property=\"og:description\" content=\"SPECIALISATIONS EN KINESITHERAPIE:\u00a0 Kin\u00e9sith\u00e9rapie g\u00e9n\u00e9rale et sportive, Cha\u00eenes musculaires, Drainage lymphatique, Kin\u00e9sith\u00e9rapie respiratoire, Endermologie. PRISE EN CHARGE: \u00a0Au\u00a0Cabinet et \u00e0 Domicile CONTACT: T\u00e9l. +32(0)4-384.76.83 HORAIRES: \u00a0Sur rendez-vous Adresse du cabinet: [&hellip;]\" \/>\n<meta property=\"og:url\" content=\"https:\/\/www.kineaywaille.be\/index.php\/bottin-sandrine\/\" \/>\n<meta property=\"og:site_name\" content=\"Les kin\u00e9sith\u00e9rapeutes d&#039;Aywaille\" \/>\n<meta property=\"article:modified_time\" content=\"2017-02-24T08:23:02+00:00\" \/>\n<meta name=\"twitter:card\" content=\"summary_large_image\" \/>\n<script type=\"application\/ld+json\" class=\"yoast-schema-graph\">{\"@context\":\"https:\/\/schema.org\",\"@graph\":[{\"@type\":\"WebPage\",\"@id\":\"https:\/\/www.kineaywaille.be\/index.php\/bottin-sandrine\/\",\"url\":\"https:\/\/www.kineaywaille.be\/index.php\/bottin-sandrine\/\",\"name\":\"Sandrine BOTTIN - Les kin\u00e9sith\u00e9rapeutes d&#039;Aywaille\",\"isPartOf\":{\"@id\":\"https:\/\/www.kineaywaille.be\/#website\"},\"datePublished\":\"2017-02-24T08:15:16+00:00\",\"dateModified\":\"2017-02-24T08:23:02+00:00\",\"breadcrumb\":{\"@id\":\"https:\/\/www.kineaywaille.be\/index.php\/bottin-sandrine\/#breadcrumb\"},\"inLanguage\":\"fr-FR\",\"potentialAction\":[{\"@type\":\"ReadAction\",\"target\":[\"https:\/\/www.kineaywaille.be\/index.php\/bottin-sandrine\/\"]}]},{\"@type\":\"BreadcrumbList\",\"@id\":\"https:\/\/www.kineaywaille.be\/index.php\/bottin-sandrine\/#breadcrumb\",\"itemListElement\":[{\"@type\":\"ListItem\",\"position\":1,\"name\":\"Accueil\",\"item\":\"https:\/\/www.kineaywaille.be\/\"},{\"@type\":\"ListItem\",\"position\":2,\"name\":\"Sandrine BOTTIN\"}]},{\"@type\":\"WebSite\",\"@id\":\"https:\/\/www.kineaywaille.be\/#website\",\"url\":\"https:\/\/www.kineaywaille.be\/\",\"name\":\"Les kin\u00e9sith\u00e9rapeutes d&#039;Aywaille\",\"description\":\"Des professionnels de la sant\u00e9 \u00e0 votre service\",\"potentialAction\":[{\"@type\":\"SearchAction\",\"target\":{\"@type\":\"EntryPoint\",\"urlTemplate\":\"https:\/\/www.kineaywaille.be\/?s={search_term_string}\"},\"query-input\":\"required name=search_term_string\"}],\"inLanguage\":\"fr-FR\"}]}<\/script>\n<!-- \/ Yoast SEO plugin. -->","yoast_head_json":{"title":"Sandrine BOTTIN - Les kin\u00e9sith\u00e9rapeutes d&#039;Aywaille","robots":{"index":"index","follow":"follow","max-snippet":"max-snippet:-1","max-image-preview":"max-image-preview:large","max-video-preview":"max-video-preview:-1"},"canonical":"https:\/\/www.kineaywaille.be\/index.php\/bottin-sandrine\/","og_locale":"fr_FR","og_type":"article","og_title":"Sandrine BOTTIN - Les kin\u00e9sith\u00e9rapeutes d&#039;Aywaille","og_description":"SPECIALISATIONS EN KINESITHERAPIE:\u00a0 Kin\u00e9sith\u00e9rapie g\u00e9n\u00e9rale et sportive, Cha\u00eenes musculaires, Drainage lymphatique, Kin\u00e9sith\u00e9rapie respiratoire, Endermologie. PRISE EN CHARGE: \u00a0Au\u00a0Cabinet et \u00e0 Domicile CONTACT: T\u00e9l. +32(0)4-384.76.83 HORAIRES: \u00a0Sur rendez-vous Adresse du cabinet: [&hellip;]","og_url":"https:\/\/www.kineaywaille.be\/index.php\/bottin-sandrine\/","og_site_name":"Les kin\u00e9sith\u00e9rapeutes d&#039;Aywaille","article_modified_time":"2017-02-24T08:23:02+00:00","twitter_card":"summary_large_image","schema":{"@context":"https:\/\/schema.org","@graph":[{"@type":"WebPage","@id":"https:\/\/www.kineaywaille.be\/index.php\/bottin-sandrine\/","url":"https:\/\/www.kineaywaille.be\/index.php\/bottin-sandrine\/","name":"Sandrine BOTTIN - Les kin\u00e9sith\u00e9rapeutes d&#039;Aywaille","isPartOf":{"@id":"https:\/\/www.kineaywaille.be\/#website"},"datePublished":"2017-02-24T08:15:16+00:00","dateModified":"2017-02-24T08:23:02+00:00","breadcrumb":{"@id":"https:\/\/www.kineaywaille.be\/index.php\/bottin-sandrine\/#breadcrumb"},"inLanguage":"fr-FR","potentialAction":[{"@type":"ReadAction","target":["https:\/\/www.kineaywaille.be\/index.php\/bottin-sandrine\/"]}]},{"@type":"BreadcrumbList","@id":"https:\/\/www.kineaywaille.be\/index.php\/bottin-sandrine\/#breadcrumb","itemListElement":[{"@type":"ListItem","position":1,"name":"Accueil","item":"https:\/\/www.kineaywaille.be\/"},{"@type":"ListItem","position":2,"name":"Sandrine BOTTIN"}]},{"@type":"WebSite","@id":"https:\/\/www.kineaywaille.be\/#website","url":"https:\/\/www.kineaywaille.be\/","name":"Les kin\u00e9sith\u00e9rapeutes d&#039;Aywaille","description":"Des professionnels de la sant\u00e9 \u00e0 votre service","potentialAction":[{"@type":"SearchAction","target":{"@type":"EntryPoint","urlTemplate":"https:\/\/www.kineaywaille.be\/?s={search_term_string}"},"query-input":"required name=search_term_string"}],"inLanguage":"fr-FR"}]}},"jetpack_sharing_enabled":true,"jetpack_shortlink":"https:\/\/wp.me\/P8kv26-3o","jetpack-related-posts":[{"id":218,"url":"https:\/\/www.kineaywaille.be\/index.php\/edwige-culot\/","url_meta":{"origin":210,"position":0},"title":"Edwige CULOT","date":"24 f\u00e9vrier 2017","format":false,"excerpt":"SPECIALISATIONS EN KINESITHERAPIE:\u00a0 Kin\u00e9sith\u00e9rapie classique, Kin\u00e9sith\u00e9rapie respi, Psychmotricite, D\u00e9veloppement de la petite enfance, Kin\u00e9sith\u00e9rapie respiratoire (adultes et enfants)-Neurologie. AUTRES COMPETENCES: \u00a0 PRISE EN CHARGE: \u00a0Au\u00a0Cabinet et \u00e0 Domicile CONTACT: T\u00e9l.: +32(0)4-384.82.79 GSM: +32(0)496-47.17.96 Email: edwigeculot@hotmail.com HORAIRES: \u00a0Sur rendez-vous Adresse du cabinet: Rue de Bastogne, 9 \u2013 4920 Aywaille","rel":"","context":"Article similaire","img":{"alt_text":"","src":"","width":0,"height":0},"classes":[]},{"id":232,"url":"https:\/\/www.kineaywaille.be\/index.php\/laetita-grignard\/","url_meta":{"origin":210,"position":1},"title":"Laetita GRIGNARD","date":"24 f\u00e9vrier 2017","format":false,"excerpt":"SPECIALISATIONS EN KINESITHERAPIE:\u00a0 Kin\u00e9sith\u00e9rapie g\u00e9n\u00e9rale, Kin\u00e9sith\u00e9rapie respiratoire et neuro-p\u00e9diatrique, Th\u00e9rapie manuelle. AUTRES COMPETENCES: \u00a0 PRISE EN CHARGE: \u00a0Au\u00a0Cabinet et \u00e0 Domicile CONTACT: GSM: +32(0)494\/21.38.77 Email:\u00a0laetitiagrignard@gmail.com HORAIRES: \u00a0Sur rendez-vous Adresse du cabinet: Havelange, 18 \u2013 4920 Harz\u00e9","rel":"","context":"Article similaire","img":{"alt_text":"","src":"","width":0,"height":0},"classes":[]},{"id":47,"url":"https:\/\/www.kineaywaille.be\/index.php\/liste-kines-a-aywaille\/","url_meta":{"origin":210,"position":2},"title":"Liste des kin\u00e9s Aywaille","date":"24 janvier 2017","format":false,"excerpt":"Liste des kin\u00e9sith\u00e9rapeutes actifs dans les environs d'Aywaille, class\u00e9s par ordre alphab\u00e9tique.","rel":"","context":"Article similaire","img":{"alt_text":"","src":"","width":0,"height":0},"classes":[]},{"id":335,"url":"https:\/\/www.kineaywaille.be\/index.php\/romano-toro\/","url_meta":{"origin":210,"position":3},"title":"Romano TORO","date":"2 avril 2017","format":false,"excerpt":"SPECIALISATIONS EN KINESITHERAPIE:\u00a0 Kin\u00e9sith\u00e9rapie g\u00e9n\u00e9rale et sportive, Kin\u00e9sith\u00e9rapie respiratoire (adultes et enfants), \u00c9nerg\u00e9tique chinoise (kin\u00e9siologie, acupuncture, ventouse). AUTRES COMPETENCES: \u00a0 PRISE EN CHARGE: \u00a0Au\u00a0Cabinet CONTACT: GSM: +32(0)493\/56.38.94 Email: romano.toro@gmail.com HORAIRES: \u00a0Sur rendez-vous Adresse du cabinet: \u00a0Avenue Louis Libert, 26\u00a0- 4920 Aywaille","rel":"","context":"Article similaire","img":{"alt_text":"","src":"","width":0,"height":0},"classes":[]},{"id":361,"url":"https:\/\/www.kineaywaille.be\/index.php\/morgane-carvalho\/","url_meta":{"origin":210,"position":4},"title":"Morgane CARVALHO","date":"6 f\u00e9vrier 2021","format":false,"excerpt":"SPECIALISATIONS EN KINESITHERAPIE:\u00a0 Kin\u00e9sith\u00e9rapie g\u00e9n\u00e9rale,\u00a0 Kin\u00e9sith\u00e9rapie respiratoire (Drainage autog\u00e8ne),\u00a0 AUTRES COMPETENCES: En 2e ann\u00e9e de th\u00e9rapie manuelle orthop\u00e9dique PRISE EN CHARGE: \u00a0Au\u00a0Cabinet et \u00e0 Domicile (Communes d'Aywaille et Sprimont) CONTACT: GSM: +32(0)472\/48.98.85 Email: morganecarvalhokine@gmail.com HORAIRES: \u00a0Sur rendez-vous Adresse du cabinet:\u00a0 Havelange, 18 - 4920 Harz\u00e9","rel":"","context":"Article similaire","img":{"alt_text":"","src":"","width":0,"height":0},"classes":[]},{"id":230,"url":"https:\/\/www.kineaywaille.be\/index.php\/pascale-grenson\/","url_meta":{"origin":210,"position":5},"title":"Pascale GRENSON","date":"24 f\u00e9vrier 2017","format":false,"excerpt":"SPECIALISATIONS EN KINESITHERAPIE:\u00a0 Kin\u00e9sith\u00e9rapie g\u00e9n\u00e9rale et sportive, Cha\u00eenes musculaires, Drainage lymphatique uro-gyn\u00e9cologie et coloproctologie, Pr\u00e9 et post- natale, Kin\u00e9sith\u00e9rapie respiratoire, AUTRES COMPETENCES: \u00a0Sophrologie, Endermologie, Ondes de choc. PRISE EN CHARGE: \u00a0Au\u00a0Cabinet et \u00e0 Domicile CONTACT: T\u00e9l.: +32(0)4-384.76.83 HORAIRES: \u00a0Sur rendez-vous Adresse du cabinet: \u00a0Rue des Ardennes, 98 - 4920\u00a0Harz\u00e9","rel":"","context":"Article similaire","img":{"alt_text":"","src":"","width":0,"height":0},"classes":[]}],"_links":{"self":[{"href":"https:\/\/www.kineaywaille.be\/index.php\/wp-json\/wp\/v2\/pages\/210","targetHints":{"allow":["GET"]}}],"collection":[{"href":"https:\/\/www.kineaywaille.be\/index.php\/wp-json\/wp\/v2\/pages"}],"about":[{"href":"https:\/\/www.kineaywaille.be\/index.php\/wp-json\/wp\/v2\/types\/page"}],"author":[{"embeddable":true,"href":"https:\/\/www.kineaywaille.be\/index.php\/wp-json\/wp\/v2\/users\/3"}],"replies":[{"embeddable":true,"href":"https:\/\/www.kineaywaille.be\/index.php\/wp-json\/wp\/v2\/comments?post=210"}],"version-history":[{"count":3,"href":"https:\/\/www.kineaywaille.be\/index.php\/wp-json\/wp\/v2\/pages\/210\/revisions"}],"predecessor-version":[{"id":214,"href":"https:\/\/www.kineaywaille.be\/index.php\/wp-json\/wp\/v2\/pages\/210\/revisions\/214"}],"wp:attachment":[{"href":"https:\/\/www.kineaywaille.be\/index.php\/wp-json\/wp\/v2\/media?parent=210"}],"curies":[{"name":"wp","href":"https:\/\/api.w.org\/{rel}","templated":true}]}}